{"id":279,"date":"2023-08-16T22:06:20","date_gmt":"2023-08-16T22:06:20","guid":{"rendered":"https:\/\/dot.rkp-marketing.at\/?page_id=279"},"modified":"2023-08-16T22:06:20","modified_gmt":"2023-08-16T22:06:20","slug":"datenschutz","status":"publish","type":"page","link":"https:\/\/vs.gemeinde-greinbach.at\/?page_id=279","title":{"rendered":"Datenschutz"},"content":{"rendered":"<div class=\"wp-bootstrap-blocks-row row mb-4\">\n\t\n\n<div class=\"col-12 col-md-6\">\n\t\t\t\n\n<h3 class=\"wp-block-heading\">Der Schutz Ihrer Daten ist uns ein wichtiges Anliegen!<\/h3>\n\n\n\n<p>Wir verarbeiten Ihre Daten daher ausschlie\u00dflich auf Grundlage der gesetzlichen Bestimmungen (DSGVO, TKG 2003). In diesen Datenschutzinformationen informieren wir Sie \u00fcber die wichtigsten Aspekte der Datenverarbeitung im Rahmen unserer Website.<\/p>\n\n\n\n<h3 class=\"wp-block-heading\">Kontakt mit uns<\/h3>\n\n\n\n<p class=\"mb-3\">Wenn Sie per E-Mail Kontakt mit uns aufnehmen, werden Ihre angegebenen Daten zwecks Bearbeitung der Anfrage und f\u00fcr den Fall von Anschlussfragen sechs Monate bei uns gespeichert. Diese Daten geben wir nicht ohne Ihre Einwilligung weiter.<\/p>\n\n\n\n<a href=\"mailto:office@dot-coworking.at\" class=\"btn btn-primary\"><i class=\"las la-envelope\"><\/i> E-Mail an uns<\/a>\n\n\t<\/div>\n\n\n\n<div class=\"col-12 col-md-6\">\n\t\t\t\n\n<h3 class=\"wp-block-heading\">Beantwortung von Anfragen zum Datenschutz<\/h3>\n\n\n\n<p>Wir ersuchen Sie Ihre Anfrage schriftlich oder per E-Mail mit einer beigelegten Ausweiskopie an folgende Adresse zu senden:<br \/>(siehe Kontaktdaten)<br \/>Wir werden Ihre Anfrage dann entsprechend der gesetzlichen Vorschriften bearbeiten.<\/p>\n\n\n\n<h3 class=\"wp-block-heading\">Sie erreichen uns auch mit folgenden Kontaktdaten:<\/h3>\n\n\n\n<p>DOT.coworking GmbH<br \/>Schildbach 210&nbsp;<br \/>AT-8230 Hartberg<br \/><\/p>\n\n\n\n<p>office@dot-coworking.at<\/p>\n\n\n\n<p>+43 664 45 35 414<br \/>+43 660 73 88 407<\/p>\n\n\t<\/div>\n\n<\/div>\n\n\n\n<h3 class=\"wp-block-heading\">Cookies<\/h3>\n\n\n\n<p>Diese Website verwendet \u201eCookies\u201c, um unser Angebot nutzerfreundlicher, effektiver und sicherer zu gestalten.<\/p>\n\n\n\n<p>Ein \u201eCookie\u201c ist eine kleine Textdatei, die wir \u00fcber unseren Web-Server an die Cookie-Datei des Browsers auf die Festplatte Ihres Computers \u00fcbermitteln. Damit wird es unserer Website erm\u00f6glicht, Sie als Nutzer wiederzuerkennen, wenn eine Verbindung zwischen unserem Web-Server und Ihrem Browser hergestellt wird. Cookies helfen uns dabei, die Nutzungsh\u00e4ufigkeit und die Anzahl der Nutzer unserer Internetseiten zu ermitteln. Der Inhalt der von uns verwendeten Cookies beschr\u00e4nkt sich auf eine Identifikationsnummer, die keine Personenbeziehbarkeit mehr auf den Nutzer zul\u00e4sst. Der Hauptzweck eines Cookies ist die Erkennung der Besucher der Website.<\/p>\n\n\n\n<p>Zwei Arten von Cookies werden auf dieser Website verwendet:<\/p>\n\n\n\n<ul class=\"wp-block-list\">\n<li>Session Cookies: Das sind tempor\u00e4re Cookies, die bis zum Verlassen unserer Website in der Cookie-Datei Ihres Browsers verweilen und nach Ende Ihres Besuchs automatisch gel\u00f6scht werden.<\/li>\n\n\n\n<li>Dauerhafte Cookies: F\u00fcr eine bessere Benutzerfreundlichkeit bleiben Cookies auf Ihrem Endger\u00e4t gespeichert und erlauben es uns, Ihren Browser beim n\u00e4chsten Besuch wiederzuerkennen.<\/li>\n\n\n\n<li>Sie k\u00f6nnen Ihren Browser so einstellen, dass Sie \u00fcber das Setzen von Cookies informiert werden und Cookies nur im Einzelfall erlauben, die Annahme von Cookies f\u00fcr bestimmte F\u00e4lle oder generell ausschlie\u00dfen sowie das automatische L\u00f6schen der Cookies beim Schlie\u00dfen des Browsers aktivieren. Bei der Deaktivierung von Cookies kann die Funktionalit\u00e4t dieser Website eingeschr\u00e4nkt sein.<\/li>\n\n\n\n<li>Conversion-Tracking von Facebook: Unsere Website(s) verwenden unter Umst\u00e4nden das Conversion-Tracking-Pixel von Facebook Inc., 1601 S. California Ave., Palo Alto, CA 94304, USA (\u201eFacebook\u201c). Mittels dieses Tools lassen sich Aktionen von Nutzern nachverfolgen, die \u00fcber eine Facebook-Anzeige auf die Website des Anbieters gelangt sind. Dadurch k\u00f6nnen wir die Wirksamkeit von Facebook-Werbung zu statistischen und Marktforschungszwecken auswerten. Die erfassten Daten bleiben anonym, d. h., wir bekommen die personenbezogenen Daten der einzelnen Nutzer nicht zu Gesicht. Allerdings werden die erfassten Daten von Facebook gespeichert und verarbeitet. Facebook kann die Daten gem\u00e4\u00df seiner Datenrichtlinie zu eigenen Werbezwecken mit Ihrem Facebook-Konto verkn\u00fcpfen. Diese Richtlinie finden Sie hier: https:\/\/www.facebook.com\/about\/privacy\/. Conversion-Tracking erlaubt es Facebook und seinen Partnern, Ihnen Werbeanzeigen auf und au\u00dferhalb von Facebook anzuzeigen. Dar\u00fcber hinaus wird zu oben genannten Zwecken ein Cookie auf Ihrem Computer platziert. Nutzer m\u00fcssen mindestens 13 Jahre alt sein, um dem zuzustimmen. Um Ihre Zustimmung zur\u00fcckzuziehen, klicken Sie bitte hier: https:\/\/www.facebook.com\/ads\/website_custom_ audiences\/ .<\/li>\n<\/ul>\n\n\n\n<p>Dazu werden Cookies verwendet, die eine Analyse der Benutzung der Website durch Ihre Benutzer erm\u00f6glicht. Die dadurch erzeugten Informationen werden auf den Server des Anbieters \u00fcbertragen und dort gespeichert.<br \/>Sie k\u00f6nnen dies verhindern, indem Sie Ihren Browser so einrichten, dass keine Cookies gespeichert werden.<br \/>Wir haben mit dem Anbieter einen entsprechenden Vertrag zur Auftragsdatenverarbeitung abgeschlossen.<\/p>\n\n\n\n<p>\u200bDurch die Nutzung unseres iFrames werden die IP-Adressen des Users an folgende Dienstleister \u00fcbermittelt: Mittwald Severlogs, Amazon CDN, fonts.com, YouTube und Google Fonts.<\/p>\n\n\n\n<p>Ihre IP-Adresse wird erfasst, aber umgehend, durch L\u00f6schung der letzten 8 Bit pseudonymisiert. Dadurch ist nur mehr eine grobe Lokalisierung m\u00f6glich.<\/p>\n\n\n\n<p>Die Datenverarbeitung erfolgt auf Basis der gesetzlichen Bestimmungen des \u00a7 96 Abs 3 TKG sowie des Art 6 Abs 1 lit a (Einwilligung) und\/oder f (berechtigtes Interesse) der DSGVO.<br \/>Unser Anliegen im Sinne der DSGVO (berechtigtes Interesse) ist die Verbesserung unseres Angebotes und unseres Webauftritts. Da uns die Privatsph\u00e4re unserer Nutzer wichtig ist, werden die Nutzerdaten nach technischer M\u00f6glichkeit pseudonymisiert.<\/p>\n\n\n\n<p>Die Nutzerdaten werden f\u00fcr die Dauer von 2 Jahren aufbewahrt.<\/p>\n\n\n\n<h3 class=\"wp-block-heading\">Ihre Rechte<\/h3>\n\n\n\n<p>Ihnen stehen grunds\u00e4tzlich die Rechte auf Auskunft, Berichtigung, L\u00f6schung, Einschr\u00e4nkung, Daten\u00fcbertragbarkeit, Widerruf und Widerspruch zu. Wenn Sie glauben, dass die Verarbeitung Ihrer Daten gegen das Datenschutzrecht verst\u00f6\u00dft oder Ihre datenschutzrechtlichen Anspr\u00fcche sonst in einer Weise verletzt worden sind, k\u00f6nnen Sie sich bei der Aufsichtsbeh\u00f6rde beschweren. In \u00d6sterreich ist dies die Datenschutzbeh\u00f6rde.<\/p>\n\n\n\n<div class=\"wp-block-sbgd-wrapper-block\">\n<p>\u200c<\/p>\n<\/div>\n","protected":false},"excerpt":{"rendered":"<p>Cookies Diese Website verwendet \u201eCookies\u201c, um unser Angebot nutzerfreundlicher, effektiver und sicherer zu gestalten. Ein \u201eCookie\u201c ist eine kleine Textdatei, die wir \u00fcber unseren Web-Server an die Cookie-Datei des Browsers auf die Festplatte Ihres Computers \u00fcbermitteln. Damit wird es unserer Website erm\u00f6glicht, Sie als Nutzer wiederzuerkennen, wenn eine Verbindung zwischen unserem Web-Server und Ihrem Browser &hellip;<\/p>\n","protected":false},"author":2,"featured_media":0,"parent":0,"menu_order":0,"comment_status":"closed","ping_status":"closed","template":"","meta":{"_acf_changed":false,"footnotes":""},"class_list":["post-279","page","type-page","status-publish","hentry"],"acf":[],"_links":{"self":[{"href":"https:\/\/vs.gemeinde-greinbach.at\/index.php?rest_route=\/wp\/v2\/pages\/279","targetHints":{"allow":["GET"]}}],"collection":[{"href":"https:\/\/vs.gemeinde-greinbach.at\/index.php?rest_route=\/wp\/v2\/pages"}],"about":[{"href":"https:\/\/vs.gemeinde-greinbach.at\/index.php?rest_route=\/wp\/v2\/types\/page"}],"author":[{"embeddable":true,"href":"https:\/\/vs.gemeinde-greinbach.at\/index.php?rest_route=\/wp\/v2\/users\/2"}],"replies":[{"embeddable":true,"href":"https:\/\/vs.gemeinde-greinbach.at\/index.php?rest_route=%2Fwp%2Fv2%2Fcomments&post=279"}],"version-history":[{"count":0,"href":"https:\/\/vs.gemeinde-greinbach.at\/index.php?rest_route=\/wp\/v2\/pages\/279\/revisions"}],"wp:attachment":[{"href":"https:\/\/vs.gemeinde-greinbach.at\/index.php?rest_route=%2Fwp%2Fv2%2Fmedia&parent=279"}],"curies":[{"name":"wp","href":"https:\/\/api.w.org\/{rel}","templated":true}]}}